{"id":1392,"date":"2018-03-16T13:56:50","date_gmt":"2018-03-16T13:56:50","guid":{"rendered":"https:\/\/www.safe-park.de\/?page_id=1392"},"modified":"2018-07-12T17:06:38","modified_gmt":"2018-07-12T17:06:38","slug":"service","status":"publish","type":"page","link":"https:\/\/www.park-service24.de\/en\/service","title":{"rendered":"Leistungen &#038; Service"},"content":{"rendered":"<p><div class=\"fusion-fullwidth fullwidth-box fusion-builder-row-1 nonhundred-percent-fullwidth non-hundred-percent-height-scrolling mass-responsive-section\" style=\"--awb-background-position:left top;--awb-border-radius-top-left:0px;--awb-border-radius-top-right:0px;--awb-border-radius-bottom-right:0px;--awb-border-radius-bottom-left:0px;--awb-padding-top:80px;--awb-padding-bottom:60px;--awb-border-sizes-top:0px;--awb-border-sizes-bottom:0px;--awb-flex-wrap:wrap;\" id=\"section1\" ><div class=\"fusion-builder-row fusion-row\"><div class=\"fusion-layout-column fusion_builder_column fusion-builder-column-0 fusion_builder_column_1_1 1_1 fusion-one-full fusion-column-first fusion-column-last mass-intro\" style=\"--awb-padding-right:0px;--awb-padding-left:0px;--awb-bg-size:cover;--awb-margin-bottom:20px;\"><div class=\"fusion-column-wrapper fusion-flex-column-wrapper-legacy\"><div class=\"fusion-text fusion-text-1\"><h1 style=\"text-align: center;\">Leistungen &amp; Service<\/h1>\n<h2 style=\"text-align: center;\">Parken am Flughafen Frankfurt am Main mit Mehrwert<\/h2>\n<\/div><div class=\"fusion-clearfix\"><\/div><\/div><\/div><\/div><\/div><div class=\"fusion-fullwidth fullwidth-box fusion-builder-row-2 nonhundred-percent-fullwidth non-hundred-percent-height-scrolling\" style=\"--awb-border-radius-top-left:0px;--awb-border-radius-top-right:0px;--awb-border-radius-bottom-right:0px;--awb-border-radius-bottom-left:0px;--awb-padding-top:50px;--awb-padding-bottom:60px;--awb-margin-top:5px;--awb-margin-bottom:45px;--awb-background-color:#eeeeee;--awb-flex-wrap:wrap;\" ><div class=\"fusion-builder-row fusion-row\"><div class=\"fusion-layout-column fusion_builder_column fusion-builder-column-1 fusion_builder_column_1_1 1_1 fusion-one-full fusion-column-first fusion-column-last\" style=\"--awb-bg-size:cover;\"><div class=\"fusion-column-wrapper fusion-flex-column-wrapper-legacy\"><div class=\"fusion-text fusion-text-2\"><h3>Valet-Parking<\/h3>\n<\/div><div class=\"fusion-clearfix\"><\/div><\/div><\/div><div class=\"fusion-layout-column fusion_builder_column fusion-builder-column-2 fusion_builder_column_1_2 1_2 fusion-one-half fusion-column-first\" style=\"--awb-bg-size:cover;width:50%;width:calc(50% - ( ( 4% ) * 0.5 ) );margin-right: 4%;\"><div class=\"fusion-column-wrapper fusion-flex-column-wrapper-legacy\"><div class=\"fusion-text fusion-text-3\"><p>Das Valet-Parking wird auch \u201ePark &amp; Fly\u201c genannte.<\/p>\n<p>Der Name stammt aus dem englischen sowie franz\u00f6sischen Wort f\u00fcr \u201eDiener\u201c. Die Besonderheit dieses Services besteht darin, dass Sie sich nicht um das Einparken und noch nicht einmal um die Fahrt zu unserem Parkplatz k\u00fcmmern brauchen.<\/p>\n<p>Beim <strong>Valet-Parking am Flughafen Frankfurt am Main<\/strong> nehmen wir Sie unmittelbar am Terminal in Empfang und sorgen daf\u00fcr, dass Ihr Fahrzeug wohlbehalten zum Parkplatz gelangt. Selbiges gilt nat\u00fcrlich auch nach Ihrer R\u00fcckkehr nach Frankfurt am Main, wo wir Sie direkt am Terminal erwarten und Ihnen Ihr Fahrzeug \u00fcbergeben.<\/p>\n<\/div><div class=\"fusion-clearfix\"><\/div><\/div><\/div><div class=\"fusion-layout-column fusion_builder_column fusion-builder-column-3 fusion_builder_column_1_2 1_2 fusion-one-half fusion-column-last\" style=\"--awb-bg-size:cover;width:50%;width:calc(50% - ( ( 4% ) * 0.5 ) );\"><div class=\"fusion-column-wrapper fusion-flex-column-wrapper-legacy\"><div class=\"fusion-image-element in-legacy-container\" style=\"--awb-caption-title-font-family:var(--h2_typography-font-family);--awb-caption-title-font-weight:var(--h2_typography-font-weight);--awb-caption-title-font-style:var(--h2_typography-font-style);--awb-caption-title-size:var(--h2_typography-font-size);--awb-caption-title-transform:var(--h2_typography-text-transform);--awb-caption-title-line-height:var(--h2_typography-line-height);--awb-caption-title-letter-spacing:var(--h2_typography-letter-spacing);\"><span class=\" fusion-imageframe imageframe-none imageframe-1 hover-type-none\"><img decoding=\"async\" width=\"800\" height=\"533\" title=\"hand-3265578_1920\" src=\"https:\/\/www.park-service24.de\/wp-content\/uploads\/2018\/07\/hand-3265578_1920.jpg\" data-orig-src=\"https:\/\/www.park-service24.de\/wp-content\/uploads\/2018\/07\/hand-3265578_1920-800x533.jpg\" alt class=\"lazyload img-responsive wp-image-1794\" srcset=\"data:image\/svg+xml,%3Csvg%20xmlns%3D%27http%3A%2F%2Fwww.w3.org%2F2000%2Fsvg%27%20width%3D%271920%27%20height%3D%271280%27%20viewBox%3D%270%200%201920%201280%27%3E%3Crect%20width%3D%271920%27%20height%3D%271280%27%20fill-opacity%3D%220%22%2F%3E%3C%2Fsvg%3E\" data-srcset=\"https:\/\/www.park-service24.de\/wp-content\/uploads\/2018\/07\/hand-3265578_1920-200x133.jpg 200w, https:\/\/www.park-service24.de\/wp-content\/uploads\/2018\/07\/hand-3265578_1920-400x267.jpg 400w, https:\/\/www.park-service24.de\/wp-content\/uploads\/2018\/07\/hand-3265578_1920-600x400.jpg 600w, https:\/\/www.park-service24.de\/wp-content\/uploads\/2018\/07\/hand-3265578_1920-800x533.jpg 800w, https:\/\/www.park-service24.de\/wp-content\/uploads\/2018\/07\/hand-3265578_1920-1200x800.jpg 1200w, https:\/\/www.park-service24.de\/wp-content\/uploads\/2018\/07\/hand-3265578_1920.jpg 1920w\" data-sizes=\"auto\" data-orig-sizes=\"(max-width: 960px) 100vw, 600px\" \/><\/span><\/div><div class=\"fusion-clearfix\"><\/div><\/div><\/div><\/div><\/div><div class=\"fusion-fullwidth fullwidth-box fusion-builder-row-3 nonhundred-percent-fullwidth non-hundred-percent-height-scrolling\" style=\"--awb-border-radius-top-left:0px;--awb-border-radius-top-right:0px;--awb-border-radius-bottom-right:0px;--awb-border-radius-bottom-left:0px;--awb-padding-bottom:60px;--awb-margin-top:15px;--awb-margin-bottom:15px;--awb-flex-wrap:wrap;\" ><div class=\"fusion-builder-row fusion-row\"><div class=\"fusion-layout-column fusion_builder_column fusion-builder-column-4 fusion_builder_column_1_1 1_1 fusion-one-full fusion-column-first fusion-column-last\" style=\"--awb-bg-size:cover;\"><div class=\"fusion-column-wrapper fusion-flex-column-wrapper-legacy\"><div class=\"fusion-text fusion-text-4\"><h3>Zusatzleistungen<\/h3>\n<\/div><div class=\"fusion-text fusion-text-5\"><\/div><div class=\"fusion-text fusion-text-6\">\r\n<script src='https:\/\/www.park-service24.de\/parkmax\/js\/scripte.js' type='text\/javascript'><\/script>\r\n<link rel='stylesheet' href='https:\/\/www.park-service24.de\/parkmax\/css\/styles.php?args=service.css' type='text\/css' media='screen'\/>\r\n<!--[if lte IE 6]><style type='text\/css'>@import url(https:\/\/www.park-service24.de\/parkmax\/css\/ie6.css);<\/style><![endif]--><script type='text\/javascript' src='https:\/\/www.park-service24.de\/parkmax\/verwaltung\/function\/jquery.min.js'><\/script>\r\n<script type='text\/javascript' src='https:\/\/www.park-service24.de\/parkmax\/js\/ajax.js'><\/script>\r\n<script type='text\/javascript' src='https:\/\/www.park-service24.de\/parkmax\/js\/password.js'><\/script>\r\n<script type='text\/javascript' src='https:\/\/www.park-service24.de\/parkmax\/js\/wz_tooltip.js'><\/script>\r\n<div id='pm_service'>\r\n<div class='pm_service_kat'><div class='pm_service_katbez'>Service<\/div><div class='pm_service_leist'><div class='pm_service_leistbez'>Hochdruckreinigerw\u00e4sche <\/div><div class='pm_service_leistpreis'>39,90 EUR<\/div><\/div><div class='pm_service_leistbeschr'>Fahrzeug und Felgen<\/div><\/div>\r\n\r\n<\/div>\n<\/div><div class=\"fusion-clearfix\"><\/div><\/div><\/div><div class=\"fusion-layout-column fusion_builder_column fusion-builder-column-5 fusion_builder_column_1_2 1_2 fusion-one-half fusion-column-first\" style=\"--awb-bg-size:cover;width:50%;width:calc(50% - ( ( 4% ) * 0.5 ) );margin-right: 4%;\"><div class=\"fusion-column-wrapper fusion-flex-column-wrapper-legacy\"><div class=\"fusion-text fusion-text-7\"><p>Ein Parkservice am Flughafen Frankfurt am Main oder anderswo ist nur so gut wie seine Serviceleistungen.<\/p>\n<p>Des Weiteren k\u00f6nnen Sie bei uns eine umfangreiche Reinigung im Innen- und Au\u00dfenbereich f\u00fcr Ihr Fahrzeug buchen, wozu auch eine professionelle Aufbereitung mit Politur geh\u00f6rt.<\/p>\n<p>Ebenfalls \u00fcbernehmen wir Dienstleistungen wie die Lederpflege, die Neutralisierung von Ger\u00fcchen aber auch die Versiegelung und einen Tankservice.<\/p>\n<p>Gerne erf\u00fcllen wir auch Ihre individuellen W\u00fcnsche:<\/p>\n<p><a href=\"https:\/\/www.park-service24.de\/kontakt\"><strong>Sprechen Sie uns an!<\/strong><\/a><\/p>\n<\/div><div class=\"fusion-clearfix\"><\/div><\/div><\/div><div class=\"fusion-layout-column fusion_builder_column fusion-builder-column-6 fusion_builder_column_1_2 1_2 fusion-one-half fusion-column-last\" style=\"--awb-bg-size:cover;width:50%;width:calc(50% - ( ( 4% ) * 0.5 ) );\"><div class=\"fusion-column-wrapper fusion-flex-column-wrapper-legacy\"><div class=\"fusion-image-element in-legacy-container\" style=\"--awb-caption-title-font-family:var(--h2_typography-font-family);--awb-caption-title-font-weight:var(--h2_typography-font-weight);--awb-caption-title-font-style:var(--h2_typography-font-style);--awb-caption-title-size:var(--h2_typography-font-size);--awb-caption-title-transform:var(--h2_typography-text-transform);--awb-caption-title-line-height:var(--h2_typography-line-height);--awb-caption-title-letter-spacing:var(--h2_typography-letter-spacing);\"><span class=\" fusion-imageframe imageframe-none imageframe-2 hover-type-none\"><img decoding=\"async\" width=\"800\" height=\"534\" title=\"cleaning-1837331_1920\" src=\"https:\/\/www.park-service24.de\/wp-content\/uploads\/2018\/07\/cleaning-1837331_1920.jpg\" data-orig-src=\"https:\/\/www.park-service24.de\/wp-content\/uploads\/2018\/07\/cleaning-1837331_1920-800x534.jpg\" alt class=\"lazyload img-responsive wp-image-1792\" srcset=\"data:image\/svg+xml,%3Csvg%20xmlns%3D%27http%3A%2F%2Fwww.w3.org%2F2000%2Fsvg%27%20width%3D%271920%27%20height%3D%271281%27%20viewBox%3D%270%200%201920%201281%27%3E%3Crect%20width%3D%271920%27%20height%3D%271281%27%20fill-opacity%3D%220%22%2F%3E%3C%2Fsvg%3E\" data-srcset=\"https:\/\/www.park-service24.de\/wp-content\/uploads\/2018\/07\/cleaning-1837331_1920-200x133.jpg 200w, https:\/\/www.park-service24.de\/wp-content\/uploads\/2018\/07\/cleaning-1837331_1920-400x267.jpg 400w, https:\/\/www.park-service24.de\/wp-content\/uploads\/2018\/07\/cleaning-1837331_1920-600x400.jpg 600w, https:\/\/www.park-service24.de\/wp-content\/uploads\/2018\/07\/cleaning-1837331_1920-800x534.jpg 800w, https:\/\/www.park-service24.de\/wp-content\/uploads\/2018\/07\/cleaning-1837331_1920-1200x801.jpg 1200w, https:\/\/www.park-service24.de\/wp-content\/uploads\/2018\/07\/cleaning-1837331_1920.jpg 1920w\" data-sizes=\"auto\" data-orig-sizes=\"(max-width: 960px) 100vw, 600px\" \/><\/span><\/div><div class=\"fusion-clearfix\"><\/div><\/div><\/div><\/div><\/div><\/p>\n","protected":false},"excerpt":{"rendered":"","protected":false},"author":6,"featured_media":0,"parent":0,"menu_order":0,"comment_status":"closed","ping_status":"closed","template":"100-width.php","meta":{"footnotes":""},"class_list":["post-1392","page","type-page","status-publish","hentry"],"_links":{"self":[{"href":"https:\/\/www.park-service24.de\/en\/wp-json\/wp\/v2\/pages\/1392","targetHints":{"allow":["GET"]}}],"collection":[{"href":"https:\/\/www.park-service24.de\/en\/wp-json\/wp\/v2\/pages"}],"about":[{"href":"https:\/\/www.park-service24.de\/en\/wp-json\/wp\/v2\/types\/page"}],"author":[{"embeddable":true,"href":"https:\/\/www.park-service24.de\/en\/wp-json\/wp\/v2\/users\/6"}],"replies":[{"embeddable":true,"href":"https:\/\/www.park-service24.de\/en\/wp-json\/wp\/v2\/comments?post=1392"}],"version-history":[{"count":6,"href":"https:\/\/www.park-service24.de\/en\/wp-json\/wp\/v2\/pages\/1392\/revisions"}],"predecessor-version":[{"id":1933,"href":"https:\/\/www.park-service24.de\/en\/wp-json\/wp\/v2\/pages\/1392\/revisions\/1933"}],"wp:attachment":[{"href":"https:\/\/www.park-service24.de\/en\/wp-json\/wp\/v2\/media?parent=1392"}],"curies":[{"name":"wp","href":"https:\/\/api.w.org\/{rel}","templated":true}]}}