{"id":1412,"date":"2018-03-16T19:07:30","date_gmt":"2018-03-16T19:07:30","guid":{"rendered":"https:\/\/www.safe-park.de\/?page_id=1412"},"modified":"2019-03-20T18:35:28","modified_gmt":"2019-03-20T18:35:28","slug":"agb","status":"publish","type":"page","link":"https:\/\/www.park-service24.de\/en\/agb","title":{"rendered":"Terms and Conditions"},"content":{"rendered":"<div class=\"fusion-fullwidth fullwidth-box fusion-builder-row-1 nonhundred-percent-fullwidth non-hundred-percent-height-scrolling mass-responsive-section\" style=\"--awb-background-position:left top;--awb-border-radius-top-left:0px;--awb-border-radius-top-right:0px;--awb-border-radius-bottom-right:0px;--awb-border-radius-bottom-left:0px;--awb-padding-top:80px;--awb-padding-bottom:60px;--awb-border-sizes-top:0px;--awb-border-sizes-bottom:0px;--awb-flex-wrap:wrap;\" id=\"section1\" ><div class=\"fusion-builder-row fusion-row\"><div class=\"fusion-layout-column fusion_builder_column fusion-builder-column-0 fusion_builder_column_1_1 1_1 fusion-one-full fusion-column-first fusion-column-last mass-intro\" style=\"--awb-padding-right:0px;--awb-padding-left:0px;--awb-bg-size:cover;--awb-margin-bottom:20px;\"><div class=\"fusion-column-wrapper fusion-flex-column-wrapper-legacy\"><div class=\"fusion-text fusion-text-1\"><h1 style=\"text-align: center;\">Terms and Conditions<\/h1>\n<h2 style=\"text-align: center;\">Park Service24.de &#8211; Flughafen Frankfurt am Main<\/h2>\n<\/div><div class=\"fusion-text fusion-text-2\"><p><strong>Allgemeine Gesch\u00e4ftsbedingungen<\/strong><\/p>\n<p>\u00a7 1 Allgemeines<br \/>\nAlle von der www.park-service24.de angebotenen Leistungen unterliegen den nachfolgenden Allgemeinen Gesch\u00e4ftsbedingungen. Ma\u00dfgeblich ist die jeweils zum Zeitpunkt des Vertragsabschlusses g\u00fcltige Fassung. Mit der Buchung erkl\u00e4rt der Kunde sein Einverst\u00e4ndnis zu den AGB, welche er im Internet oder auf dem Aushang im B\u00fcro einsehen kann.<\/p>\n<p>\u00a7 2 Geltungsbereich<br \/>\nDiese Allgemeinen Gesch\u00e4ftsbedingungen gelten f\u00fcr die PKW-Abstellung, die Bef\u00f6rderung des Kunden-PKW vom Flughafen www.park-service24.de zum Betriebsgel\u00e4nde in www.park-service24.de seinen R\u00fccktransport von dort zum Flughafen www.park-service24.de, sowie alle sonstigen Leistungen, die im Auftrag des Kunden f\u00fcr den Kunden erbracht werden. Sonstige abweichende Bestimmungen soweit sie in den Allgemeinen Gesch\u00e4ftsbedingungen des Kunden enthalten sind, finden keine Anwendung, es sei denn, sie werden ausdr\u00fccklich von www.park-service24.de anerkannt.<\/p>\n<p>\u00a7 3 Vertragsabschluss<br \/>\nVertragspartner sind Park Service 24<\/p>\n<p>Parkservice 24 ist Teil der Burak Sezginer &amp; Yunus Akcakaya GbR<br \/>\nStellvertretend:<br \/>\nBurak Sezginer<br \/>\nSindlingerstr. 54<br \/>\n65795 Hattersheim<br \/>\nwww.park-service24.de<\/p>\n<p>und der Kunde.<\/p>\n<p>Ein Vertrag zu den in den vorliegenden AGB genannten Bedingungen kommt dadurch zustande, dass der Kunde im Reservierungsvorgang der Website nach Eingabe seiner Daten auf den Button &#8222;Reservierung absenden&#8220; klickt und www.park-service24.de dem Kunden anschlie\u00dfend eine Reservierungsbest\u00e4tigung an die im Reservierungsvorgang angegebene E-Mail-Adresse sendet. Der verbindliche Vertragsschluss erfolgt zum Zeitpunkt des Zugangs der Reservierungsbest\u00e4tigung im E-Mail-Postfach des Kunden. www.park-service24.de speichert die Vertragsdaten im eigenen Buchungssystem. Der Kunde kann die Vertragsdaten dadurch speichern, dass er die Reservierungsbest\u00e4tigung und die ihm mit derselben E-Mail nochmals zugesandten AGB auf seinem Rechner abspeichert oder diese ausdruckt.<\/p>\n<p>\u00a7 4 Vertragsgegenstand, Leistungen, Verhalten auf dem Gel\u00e4nde park-service24<br \/>\nwww.park-service24.de ist verpflichtet, die von dem Kunden gebuchten Leistungen im Rahmen dieser AGB bereitzuhalten und die vereinbarten Leistungen zu erbringen. Der Vertragsgegenstand beinhaltet die Bereitstellung eines Stellplatzes f\u00fcr Kraftfahrzeuge und den Hin- und R\u00fccktransport des PKW zum Stellplatz \/ Flughafen zu den hier genannten Bedingungen und eventuellen sonstigen vereinbarten Zusatzleistungen. Weder Bewachung noch Verwahrung oder durch Dritte verursachte Sch\u00e4den sind Gegenstand dieses Vertrages. www.park-service24.de \u00fcbernimmt keine Obhut oder besonderen F\u00fcrsorgepflichten f\u00fcr die vom Kunden eingebrachten Gegenst\u00e4nde. Mit der best\u00e4tigten Reservierung erwirbt der Kunde das Recht, seinen Pkw im gebuchten Zeitraum auf einem Stellplatzes auf dem Betriebsgel\u00e4nde der www.park-service24.de abzustellen und den PKW am Flughafen www.park-service24.de zur \u00dcberf\u00fchrung zum Parkplatz an einen Mitarbeiter der www.park-service24.de abgeben zu k\u00f6nnen und seinen PKW am Terminal nach R\u00fcckkehr wieder \u00fcbergeben zu bekommen.<\/p>\n<p>www.park-service24.de ist berechtigt, zum Zwecke der KFZ-\u00dcberf\u00fchrung mit dem Pkw bis zum Parkplatz in www.park-service24.de (10 km) und sp\u00e4ter wieder zur\u00fcck zu fahren. F\u00fcr ggf. dazu gebuchte Zusatzservices ist www.park-service24.de berechtigt, zur n\u00e4chst gelegenen Tankstelle oder kooperierenden Werkstatt und zur\u00fcck zu fahren. Weiteren Fahrten sind nicht zul\u00e4ssig. F\u00fcr bestehende Forderungen aus dem Vertrag hat www.park-service24.de ein gesetzliches Pfandrecht am eingestellten Fahrzeug einschlie\u00dflich des entsprechenden Zubeh\u00f6rs. www.park-service24.de ist ebenfalls berechtigt, die eingestellten Fahrzeuge auf Kosten und Gefahr des entsprechenden Kunden vom Betriebsgel\u00e4nde entfernen zu lassen, wenn zum Beispiel: &#8211; der Vertrag beendet und der Kunde nicht erreichbar ist; &#8211; ein eingestelltes Fahrzeug durch M\u00e4ngel eine allgemeine Gefahr darstellt (z. B. undichter Tank u. \u00e4.); &#8211; ein eingestelltes Fahrzeug polizeilich nicht zugelassen ist oder w\u00e4hrend der Vertragsdauer durch die Beh\u00f6rden aus dem Verkehr gezogen wurde; &#8211; das Fahrzeug unberechtigt abgestellt wurde;<\/p>\n<p>Auf dem Betriebsgel\u00e4nde d\u00fcrfen PKW nur von Mitarbeitern der www.park-service24.de bewegt werden. Den Anweisungen des Personals ist Folge zu leisten. Der Kunde haftet f\u00fcr ein eingestelltes Fahrzeug bei \u00f6l- oder sonstigen Fl\u00fcssigkeitsverlusten und allen dadurch verursachten Verunreinigungen. Im Falle der Verunreinigung des Bodens oder des Grundwassers muss die Beseitigung durch ein autorisiertes Fachunternehmen auf Kosten des Kunden erfolgen. In diesen F\u00e4llen hat der Kunde kein Recht zur Selbstvornahme. Der Aufenthalt auf dem Betriebsgel\u00e4nde ist nicht gestattet. F\u00fcr die Anreise mit \u00fcbergro\u00dfen Fahrzeugen (Fahrzeugh\u00f6he &gt; 1,90 m) bzw. \u00fcberbreiten Fahrzeugen (Fahrzeugbreite &gt; 2 m) ist eine vorherige R\u00fccksprache erforderlich!<\/p>\n<p>\u00a7 5 Entgelt &amp; Bezahlung<br \/>\nF\u00fcr die Preisberechnung gelten die aktuellen Preislisten zum Zeitpunkt des Vertragsabschlusses, die im Internet oder im B\u00fcro eingesehen werden k\u00f6nnen. Zeitangaben f\u00fcr Parkleistungen werden nach angefangenen Kalendertagen ab dem Zeitpunkt der Einfahrt in den Parkbereich berechnet. Die Reservierungsbest\u00e4tigung beinhaltet das endg\u00fcltige Entgelt f\u00fcr die zugesagte Leistung, es sei denn, der Kunde \u00fcberzieht die Buchungszeit oder w\u00fcnscht zus\u00e4tzliche kostenpflichtige Leistungen, die zum Zeitpunkt der Best\u00e4tigung nicht bekannt waren. Das Entgelt f\u00fcr den gebuchten Stellplatz und sonstige Leistungen wird sp\u00e4testens bei Ankunft auf dem Parkplatz in bar bezahlt. Die Preise schlie\u00dfen die jeweilige gesetzliche Mehrwertsteuer mit ein. www.park-service24.de kann die Herausgabe des eingestellten Fahrzeuges bis zur vollst\u00e4ndigen Bezahlung des Rechnungspreises verweigern. Der R\u00fccktritt muss per Email eingesendet werden.<\/p>\n<p>\u00a7 6 R\u00fccktritt und Schadenersatz<br \/>\nwww.park-service24.de r\u00e4umt dem Kunden ein jederzeitiges R\u00fccktrittsrecht ein. Bei einem R\u00fccktritt von weniger als 24 Stunden vor dem angemieteten Parkzeitraum ist eine Stornierungsgeb\u00fchr in H\u00f6he von 50% des errechneten Preises zu leisten. Dem Kunden wird ausdr\u00fccklich die M\u00f6glichkeit zum Nachweis einger\u00e4umt, dass Valetparking www.park-service24.de kein oder ein geringerer Schaden entstanden ist.<\/p>\n<p>\u00a7 7 Haftung \/ Haftungsausschluss<br \/>\nDie Schadensersatzhaftung von www.park-service24.de, seiner gesetzlichen Vertreter und seiner Erf\u00fcllungsgehilfen ist ausgeschlossen, sofern nicht nachfolgend abweichend geregelt. Der Haftungsausschluss gilt nicht f\u00fcr vors\u00e4tzlich oder grob fahrl\u00e4ssig verursachte Sch\u00e4den sowie f\u00fcr vors\u00e4tzlich oder fahrl\u00e4ssig verursachte Sch\u00e4den an Leben, des K\u00f6rper oder Gesundheit. Ferner gilt der Haftungsausschluss nicht bei vors\u00e4tzlicher oder fahrl\u00e4ssiger Verletzung von Vertragspflichten, die so wesentlich sind, dass ihre Erf\u00fcllung die Vertragsdurchf\u00fchrung \u00fcberhaupt erst erm\u00f6glicht und auf deren Einhaltung der Kunde regelm\u00e4\u00dfig vertrauen darf (sog. Kardinalpflichten); bei leicht fahrl\u00e4ssiger Verletzung von Kardinalpflichten ist die Haftung allerdings der H\u00f6he nach auf den typischerweise vorhersehbaren (vertragstypischen) Schaden begrenzt. Mit der Buchung versichert der Kunde, dass das Fahrzeug den gesetzlich vorgeschriebenen Versicherungsschutz bis zum Verlassen des Betriebsgel\u00e4ndes besitzt.<\/p>\n<p>Auf Verlangen sind den Mitarbeitern von www.park-service24.de und Erf\u00fcllungsgehilfen Fahrerlaubnis und Fahrzeugschein vorzulegen. In besonderen F\u00e4llen kann auch der Nachweis ausreichenden Versicherungsschutzes verlangt werden. K\u00f6nnen die vorbezeichneten Dokumente nicht vorgelegt werden, ist www.park-service24.de berechtigt, die Vertragserf\u00fcllung abzulehnen. In diesen F\u00e4llen hat der Kunde keinen Anspruch auf Schadenersatz. Unabh\u00e4ngig vom Verschulden haftet der Kunde f\u00fcr alle Sch\u00e4den, die infolge technischer Defekte durch das von ihm oder von ihm beauftragten Dritten auf das Betriebsgel\u00e4nde von www.park-service24.de eingebrachten Fahrzeug verursacht werden (z. B. \u00f6lverlust, Explosion, K\u00fchlwasserverlust). Dies gilt auch dann, wenn derartige Defekte nicht in dem Zustandsbericht \u00fcber das Fahrzeug aufgenommen worden sind oder bislang unbekannt waren. Der Kunde tritt eigene Anspr\u00fcche gegen Dritte oder Versicherungen aus einem Schadensfall im voraus an www.park-service24.de ab, soweit www.park-service24.de aus einem solchen Schadensereignis ihrerseits in Anspruch genommen wird. Ferner ausgeschlossen ist eine Haftung f\u00fcr den Verlust von am PKW angebrachten Anbauteilen, wie Radkappen, Spoilern, Antennen sofern Valetparking www.park-service24.de dies nicht nach Ma\u00dfgabe dieser AGB zu vertreten hat.<\/p>\n<p>Valetparkig www.park-service24.de haftet zu keiner Zeit f\u00fcr das p\u00fcnktliche Erreichen des gebuchten Fluges seiner Kunden. Der Kunde ist selbst daf\u00fcr verantwortlich, rechtzeitig am Flughafen zu sein bzw. rechtzeitig einzuchecken, wenn er z.B. den Fahrer nicht telefonisch erreichen kann. Aus einem nicht rechtzeitigen Einchecken k\u00f6nnen keine Schadenersatzforderungen geltend gemacht werden. Sollte ein Fahrzeug wegen technischem Defekt nicht anspringen, ist es Sache des Kunden, entprechende Ma\u00dfnahmen zu treffen. Sollte das Fahrzeug bei der R\u00fcckgabe nicht anspringen, ohne dass Valetparking www.park-service24.de dies nach Ma\u00dfgabe dieser AGB zu vertreten hat, haftet Valetparking www.park-service24.de nicht f\u00fcr anf\u00e4llige Kosten.<\/p>\n<p>Bei stark verschmutzten Autos \u00e4ndert sich die Beweislast insofern, alss dass der Kunde beweisen muss, dass der Schaden durch uns oder unsere Mitarbeiter verursacht wurde, wenn aufgrund des Schadenortes angenommen werden kann, dass der Schaden bei Fahrzeug\u00fcbergabe f\u00fcr den Mitarbeiter nicht zu sehen war. www.park-service24.de \u00fcbernimmt keine Haftung f\u00fcr entstande Sch\u00e4den an den Fahrzeugen welche durch Naturgewalten ausserhalb und innerhalb vom Gel\u00e4nde enstehen.<\/p>\n<p>\u00a7 8 Datenschutz<br \/>\nDie zur Verf\u00fcgung gestellten Daten werden von www.park-service24.de verarbeitet. Der Kunde erkl\u00e4rt sich damit einverstanden, dass seine Daten von www.park-service24.de im Rahmen der Vertragsbeziehung elektronisch verarbeitet und gespeichert werden. Die Daten werden nicht unbefugt an Dritte weitergegeben.<\/p>\n<p>\u00a7 9 Schlussbestimmungen<br \/>\nF\u00fcr das Vertragsverh\u00e4ltnis zwischen dem Kunden und Valetparking www.park-service24.de gilt deutsches Recht. F\u00fcr Verbraucher gilt dies nur insoweit, als ihnen dadurch nicht der Schutz zwingender Vorschriften des Rechts des Staats ihres gew\u00f6hnlichen Aufenthalts entzogen wird. Die Aufrechnung gegen Forderungen von Valetparking www.park-service24.de durch den Kunden ist nur mit unbestrittenen oder rechtskr\u00e4ftig festgestellten Forderungen m\u00f6glich.<\/p>\n<p>Hat der Kunde keinen allgemeinen Gerichtsstand in Deutschland oder handelt er als Kaufmann, juristische Person des \u00f6ffentlichen Rechts oder \u00f6ffentlich-rechtliches Sonderverm\u00f6gen, ist Gerichtsstand f\u00fcr alle Streitigkeiten aus Vertragsverh\u00e4ltnissen mit Valetparking www.park-service24.de Geldern. Sollten einzelne Vereinbarungen dieser AGB ganz oder teilweise unwirksam sein oder werden, so wird die G\u00fcltigkeit der \u00fcbrigen Vereinbarungen dadurch nicht ber\u00fchrt. An die Stelle der unwirksamen Klausel tritt die jeweils einschl\u00e4gige gesetzliche Regelung.<\/p>\n<\/div><div class=\"fusion-text fusion-text-3\"><blockquote>\n<p><a href=\"https:\/\/www.park-service24.de\/en\/datenschutzerklaerung\/\">Datenschutzhinweise<\/a><\/p>\n<p><a href=\"https:\/\/www.park-service24.de\/en\/buchung\/\">jetzt Parkplatz inklusive Valet parking buchen<\/a><\/p>\n<\/blockquote>\n<\/div><div class=\"fusion-clearfix\"><\/div><\/div><\/div><\/div><\/div>","protected":false},"excerpt":{"rendered":"","protected":false},"author":6,"featured_media":0,"parent":0,"menu_order":0,"comment_status":"closed","ping_status":"closed","template":"100-width.php","meta":{"footnotes":""},"class_list":["post-1412","page","type-page","status-publish","hentry"],"_links":{"self":[{"href":"https:\/\/www.park-service24.de\/en\/wp-json\/wp\/v2\/pages\/1412","targetHints":{"allow":["GET"]}}],"collection":[{"href":"https:\/\/www.park-service24.de\/en\/wp-json\/wp\/v2\/pages"}],"about":[{"href":"https:\/\/www.park-service24.de\/en\/wp-json\/wp\/v2\/types\/page"}],"author":[{"embeddable":true,"href":"https:\/\/www.park-service24.de\/en\/wp-json\/wp\/v2\/users\/6"}],"replies":[{"embeddable":true,"href":"https:\/\/www.park-service24.de\/en\/wp-json\/wp\/v2\/comments?post=1412"}],"version-history":[{"count":10,"href":"https:\/\/www.park-service24.de\/en\/wp-json\/wp\/v2\/pages\/1412\/revisions"}],"predecessor-version":[{"id":1977,"href":"https:\/\/www.park-service24.de\/en\/wp-json\/wp\/v2\/pages\/1412\/revisions\/1977"}],"wp:attachment":[{"href":"https:\/\/www.park-service24.de\/en\/wp-json\/wp\/v2\/media?parent=1412"}],"curies":[{"name":"wp","href":"https:\/\/api.w.org\/{rel}","templated":true}]}}